{"id":23,"date":"2017-08-20T22:11:08","date_gmt":"2017-08-20T20:11:08","guid":{"rendered":"https:\/\/ideenamt.at\/gabe\/?page_id=23"},"modified":"2024-08-09T01:30:55","modified_gmt":"2024-08-08T23:30:55","slug":"organisation","status":"publish","type":"page","link":"https:\/\/ideenamt.at\/gabe\/organisation\/","title":{"rendered":"Organisation"},"content":{"rendered":"<h4><img decoding=\"async\" loading=\"lazy\" class=\"alignnone size-full wp-image-75\" src=\"https:\/\/ideenamt.at\/gabe\/wp-content\/uploads\/2017\/08\/ideen-amt-2.0_logo_125-1.jpg\" alt=\"Logo Ideenamt 2.0\" width=\"125\" height=\"116\" \/><\/h4>\n<p><strong>Ideenamt 2.0<\/strong><\/p>\n<p>Organisation: <strong>Gr\u00fcndungsverein &#8222;Ideen-Amt 2.0&#8220;, <\/strong>auf ehrenamtlicher Basis<\/p>\n<h2>Unsere Zukunftsvision<\/h2>\n<p>Je eine Stelle pro Bundesland und eine bundesweite Stelle (das Patentamt?) administrieren den Service \u201eIdeenamt\u201c f\u00fcr die \u00d6ffentliche Wirtschaft. Die \u00dcbernahme von Vorschl\u00e4gen und die Beratung erfolgen lokal.<\/p>\n<p><strong>Der Rechnungshof<\/strong> erstellt und kontrolliert laufend das einfache Rechenmodell, nach dem <em>realisierte<\/em> Ideen pr\u00e4miert werden.<\/p>\n","protected":false},"excerpt":{"rendered":"<p>Ideenamt 2.0 Organisation: Gr\u00fcndungsverein &#8222;Ideen-Amt 2.0&#8220;, auf ehrenamtlicher Basis Unsere Zukunftsvision Je eine Stelle pro Bundesland und eine bundesweite Stelle (das Patentamt?) administrieren den Service \u201eIdeenamt\u201c f\u00fcr die \u00d6ffentliche Wirtschaft. Die \u00dcbernahme von Vorschl\u00e4gen und die Beratung erfolgen lokal. Der Rechnungshof erstellt und kontrolliert laufend das einfache Rechenmodell, nach dem realisierte Ideen pr\u00e4miert werden.<\/p>\n","protected":false},"author":1,"featured_media":0,"parent":0,"menu_order":0,"comment_status":"closed","ping_status":"closed","template":"","meta":[],"_links":{"self":[{"href":"https:\/\/ideenamt.at\/gabe\/wp-json\/wp\/v2\/pages\/23"}],"collection":[{"href":"https:\/\/ideenamt.at\/gabe\/wp-json\/wp\/v2\/pages"}],"about":[{"href":"https:\/\/ideenamt.at\/gabe\/wp-json\/wp\/v2\/types\/page"}],"author":[{"embeddable":true,"href":"https:\/\/ideenamt.at\/gabe\/wp-json\/wp\/v2\/users\/1"}],"replies":[{"embeddable":true,"href":"https:\/\/ideenamt.at\/gabe\/wp-json\/wp\/v2\/comments?post=23"}],"version-history":[{"count":21,"href":"https:\/\/ideenamt.at\/gabe\/wp-json\/wp\/v2\/pages\/23\/revisions"}],"predecessor-version":[{"id":961,"href":"https:\/\/ideenamt.at\/gabe\/wp-json\/wp\/v2\/pages\/23\/revisions\/961"}],"wp:attachment":[{"href":"https:\/\/ideenamt.at\/gabe\/wp-json\/wp\/v2\/media?parent=23"}],"curies":[{"name":"wp","href":"https:\/\/api.w.org\/{rel}","templated":true}]}}