{"id":27,"date":"2017-08-20T22:12:12","date_gmt":"2017-08-20T20:12:12","guid":{"rendered":"https:\/\/ideenamt.at\/gabe\/?page_id=27"},"modified":"2023-08-07T16:50:23","modified_gmt":"2023-08-07T14:50:23","slug":"historie","status":"publish","type":"page","link":"https:\/\/ideenamt.at\/gabe\/historie\/","title":{"rendered":"Historie"},"content":{"rendered":"<p><img decoding=\"async\" loading=\"lazy\" class=\"alignnone size-full wp-image-75\" src=\"https:\/\/ideenamt.at\/gabe\/wp-content\/uploads\/2017\/08\/ideen-amt-2.0_logo_125-1.jpg\" alt=\"Logo Ideenamt 2.0\" width=\"125\" height=\"116\" \/><\/p>\n<p><strong>Ideenamt 2.0<\/strong><\/p>\n<p><strong>1987<\/strong><\/p>\n<p>Als Ma\u00dfnahme zur Bek\u00e4mpfung der Arbeitslosigkeit entwickelt Rudolf Schwarz (im Rahmen des Studiums der Kommunikationswissenschaft) erstmals die Idee eines <strong>&#8222;Volkswirtschaftlichen Vorschlagwesens&#8220;, VVW,<\/strong> und diskutiert sie mit PolitikerInnen, WissenschaftlerInnen und UnternehmerInnen.<\/p>\n<p><strong>1998<\/strong><\/p>\n<p>Bundespr\u00e4sident Dr. Thomas Klestil erw\u00e4hnt und kommentiert die Idee eines Vorschlagswesens f\u00fcr die \u00f6ffentliche Wirtschaft bei der Er\u00f6ffnung einer Wirtschaftsmesse, und stellt es damit am\u00a021. Februar 1998 erstmals in der \u00d6ffentlichkeit vor.<\/p>\n<p>Bundespr\u00e4sident Dr. Thomas Klestil sagte:<\/p>\n<p>&#8222;Ich erw\u00e4hne das, weil ich fest davon \u00fcberzeugt bin, dass gerade eine moderne Gesellschaft zu alten Tugenden zur\u00fcckfinden muss: zu Eigen- und Mitverantwortung, zu Innovations-\u00a0und Pioniergeist, zu Freiheit und Selbst\u00e4ndigkeit. Das gilt im Wirtschaftsbereich, es gilt dar\u00fcber hinaus aber auch im Bereich unserer Gesellschafts- und Demokratiepolitik.&#8220;<\/p>\n<p>Gespr\u00e4che mit offiziellen Stellen und Politikern zeigten, dass die Zeit in \u00d6sterreich noch nicht reif war. Niemand konnte sich vorstellen, etwas f\u00fcr die \u00d6ffentliche Wirtschaft einzurichten, was es in Betrieben bereits <strong>seit \u00fcber einem Jahrhundert<\/strong> gab.<\/p>\n<p><strong>2008<\/strong><\/p>\n<p>Vorstellung von <strong>Ideenamt 2.0<\/strong> (vormals VVW) auf der Webseite www.rudolfschwarz.at.<\/p>\n<p><strong>2013<\/strong><\/p>\n<p>In der Nationalratswahl 2013 wurde das Thema <strong>&#8222;Ideen&#8220;<\/strong> im Wahlkampf verwendet, in der Folge in den Medien immer wieder neu thematisiert und von vielen Betrieben und Institutionen in Aktionen publizistisch genutzt.<\/p>\n<p><strong>2014<\/strong><\/p>\n<p>Bezirksvorsteher Adolf Tiller ist mit dem Probebetrieb von <strong>Ideenamt 2.0<\/strong> f\u00fcr den 19. Bezirk in Wien einverstanden.<\/p>\n<p>Gr\u00fcndung des Vereins <strong>&#8222;Ideenamt 2.0&#8220;<\/strong>.<\/p>\n<p>Entwicklung der ersten Ideen (noch ohne \u00f6ffentlichen Aufruf) bis zur Vorschlagsreife.<\/p>\n<p><strong>14. Februar 2017<\/strong><\/p>\n<p>Die erste Version von <strong>Ideenamt 2.0<\/strong> geht online.<\/p>\n<p><strong>5. September 2017<\/strong><\/p>\n<p>Die aktuelle Version von <strong>Ideenamt 2.0<\/strong> geht online.<\/p>\n<p><strong>29. M\u00e4rz 2018<\/strong><\/p>\n<p>Relaunch der Webseite (Phase 1, Grundton hellgrau) abgeschlossen.<\/p>\n<p><strong>7. August 2023<\/strong><\/p>\n<p>Zw\u00f6lf Vorschl\u00e4ge wurden publiziert, zehn davon wurden von der aktuellen Entwicklung best\u00e4tigt bzw. verwirklicht, einer pausiert gerade, ein Vorschlag ist noch nicht aufgegriffen worden.<\/p>\n","protected":false},"excerpt":{"rendered":"<p>Ideenamt 2.0 1987 Als Ma\u00dfnahme zur Bek\u00e4mpfung der Arbeitslosigkeit entwickelt Rudolf Schwarz (im Rahmen des Studiums der Kommunikationswissenschaft) erstmals die Idee eines &#8222;Volkswirtschaftlichen Vorschlagwesens&#8220;, VVW, und diskutiert sie mit PolitikerInnen, WissenschaftlerInnen und UnternehmerInnen. 1998 Bundespr\u00e4sident Dr. Thomas Klestil erw\u00e4hnt und kommentiert die Idee eines Vorschlagswesens f\u00fcr die \u00f6ffentliche Wirtschaft bei der Er\u00f6ffnung einer Wirtschaftsmesse, und [&hellip;]<\/p>\n","protected":false},"author":1,"featured_media":0,"parent":0,"menu_order":0,"comment_status":"closed","ping_status":"closed","template":"","meta":[],"_links":{"self":[{"href":"https:\/\/ideenamt.at\/gabe\/wp-json\/wp\/v2\/pages\/27"}],"collection":[{"href":"https:\/\/ideenamt.at\/gabe\/wp-json\/wp\/v2\/pages"}],"about":[{"href":"https:\/\/ideenamt.at\/gabe\/wp-json\/wp\/v2\/types\/page"}],"author":[{"embeddable":true,"href":"https:\/\/ideenamt.at\/gabe\/wp-json\/wp\/v2\/users\/1"}],"replies":[{"embeddable":true,"href":"https:\/\/ideenamt.at\/gabe\/wp-json\/wp\/v2\/comments?post=27"}],"version-history":[{"count":17,"href":"https:\/\/ideenamt.at\/gabe\/wp-json\/wp\/v2\/pages\/27\/revisions"}],"predecessor-version":[{"id":904,"href":"https:\/\/ideenamt.at\/gabe\/wp-json\/wp\/v2\/pages\/27\/revisions\/904"}],"wp:attachment":[{"href":"https:\/\/ideenamt.at\/gabe\/wp-json\/wp\/v2\/media?parent=27"}],"curies":[{"name":"wp","href":"https:\/\/api.w.org\/{rel}","templated":true}]}}