{"id":5,"date":"2017-08-20T19:29:14","date_gmt":"2017-08-20T19:29:14","guid":{"rendered":"https:\/\/ideenamt.at\/gabe\/?page_id=5"},"modified":"2026-01-20T13:48:28","modified_gmt":"2026-01-20T12:48:28","slug":"kontakt","status":"publish","type":"page","link":"https:\/\/ideenamt.at\/gabe\/kontakt\/","title":{"rendered":"Kontakt"},"content":{"rendered":"<p><img decoding=\"async\" loading=\"lazy\" class=\"alignnone size-full wp-image-75\" src=\"https:\/\/ideenamt.at\/gabe\/wp-content\/uploads\/2017\/08\/ideen-amt-2.0_logo_125-1.jpg\" alt=\"Logo Ideenamt 2.0\" width=\"125\" height=\"116\" \/><\/p>\n<p><strong>Ideenamt 2.0<\/strong><\/p>\n<h3>Kontakt und Impressum<\/h3>\n<p><strong>Kontakt:<\/strong><\/p>\n<p><a href=\"https:\/\/rudolfschwarz.at\/\">Rudolf Schwarz, Bakk.phil<\/a><br \/>\n1190 Wien, Eisenbahnstra\u00dfe 17\/7<\/p>\n<p><strong>E-Mail:<\/strong><\/p>\n<p><strong><a href=\"mailto:service@ideenamt.at\">service@ideenamt.at<\/a><\/strong><\/p>\n<p><strong>Impressum:<\/strong><\/p>\n<p><strong>Gr\u00fcndungsverein Ideenamt 2.0<\/strong><br \/>\nf\u00fcr die Organisation in der Einf\u00fchrungs- und Probephase<\/p>\n<p><strong>Vereinssitz<\/strong><br \/>\nc\/o Dkfm. Dr. Fritz Pfister<br \/>\n1190 Wien, Hackhofergasse 8-10<\/p>\n<p><strong>Obmann:<\/strong> Rudolf Schwarz Bakk.phil<br \/>\n<strong>Schriftf\u00fchrer:<\/strong> Dr. Dkfm. Fritz Pfister<br \/>\n<strong>Kassier:<\/strong> Mag. Franz Themel<\/p>\n<p>.<\/p>\n","protected":false},"excerpt":{"rendered":"<p>Ideenamt 2.0 Kontakt und Impressum Kontakt: Rudolf Schwarz, Bakk.phil 1190 Wien, Eisenbahnstra\u00dfe 17\/7 E-Mail: service@ideenamt.at Impressum: Gr\u00fcndungsverein Ideenamt 2.0 f\u00fcr die Organisation in der Einf\u00fchrungs- und Probephase Vereinssitz c\/o Dkfm. Dr. Fritz Pfister 1190 Wien, Hackhofergasse 8-10 Obmann: Rudolf Schwarz Bakk.phil Schriftf\u00fchrer: Dr. Dkfm. Fritz Pfister Kassier: Mag. Franz Themel .<\/p>\n","protected":false},"author":1,"featured_media":0,"parent":0,"menu_order":0,"comment_status":"closed","ping_status":"closed","template":"","meta":[],"_links":{"self":[{"href":"https:\/\/ideenamt.at\/gabe\/wp-json\/wp\/v2\/pages\/5"}],"collection":[{"href":"https:\/\/ideenamt.at\/gabe\/wp-json\/wp\/v2\/pages"}],"about":[{"href":"https:\/\/ideenamt.at\/gabe\/wp-json\/wp\/v2\/types\/page"}],"author":[{"embeddable":true,"href":"https:\/\/ideenamt.at\/gabe\/wp-json\/wp\/v2\/users\/1"}],"replies":[{"embeddable":true,"href":"https:\/\/ideenamt.at\/gabe\/wp-json\/wp\/v2\/comments?post=5"}],"version-history":[{"count":15,"href":"https:\/\/ideenamt.at\/gabe\/wp-json\/wp\/v2\/pages\/5\/revisions"}],"predecessor-version":[{"id":971,"href":"https:\/\/ideenamt.at\/gabe\/wp-json\/wp\/v2\/pages\/5\/revisions\/971"}],"wp:attachment":[{"href":"https:\/\/ideenamt.at\/gabe\/wp-json\/wp\/v2\/media?parent=5"}],"curies":[{"name":"wp","href":"https:\/\/api.w.org\/{rel}","templated":true}]}}